{"id":38,"date":"2018-07-04T03:00:46","date_gmt":"2018-07-04T03:00:46","guid":{"rendered":"http:\/\/gdnconference.org\/gdn2019\/?page_id=38"},"modified":"2020-03-11T12:27:14","modified_gmt":"2020-03-11T12:27:14","slug":"schedule","status":"publish","type":"page","link":"https:\/\/insidmeetings.org\/insid2019\/schedule\/","title":{"rendered":"Schedule"},"content":{"rendered":"<p><a href=\"http:\/\/insid.events\/insid2019\/wp-content\/uploads\/2019\/12\/Insid-meeting-Proceedings-2019.pdf\"><img decoding=\"async\" class=\"alignnone  wp-image-885\" src=\"http:\/\/insid.events\/insid2019\/wp-content\/uploads\/2019\/12\/pdf.png\" alt=\"\" width=\"36\" height=\"37\" srcset=\"https:\/\/insidmeetings.org\/insid2019\/wp-content\/uploads\/2019\/12\/pdf.png 548w, https:\/\/insidmeetings.org\/insid2019\/wp-content\/uploads\/2019\/12\/pdf-150x150.png 150w, https:\/\/insidmeetings.org\/insid2019\/wp-content\/uploads\/2019\/12\/pdf-294x300.png 294w, https:\/\/insidmeetings.org\/insid2019\/wp-content\/uploads\/2019\/12\/pdf-50x50.png 50w\" sizes=\"(max-width: 36px) 100vw, 36px\" \/>\u00a0Click here to get the Proceedings of the INSID 2019 (Last update on 11 March 2020).<\/a><\/p>\n<p><a href=\"http:\/\/insid.events\/insid2019\/wp-content\/uploads\/2019\/12\/INSID-2019-book_of_abstracts.pdf\"><img decoding=\"async\" class=\"alignnone  wp-image-885\" src=\"http:\/\/insid.events\/insid2019\/wp-content\/uploads\/2019\/12\/pdf.png\" alt=\"\" width=\"36\" height=\"37\" srcset=\"https:\/\/insidmeetings.org\/insid2019\/wp-content\/uploads\/2019\/12\/pdf.png 548w, https:\/\/insidmeetings.org\/insid2019\/wp-content\/uploads\/2019\/12\/pdf-150x150.png 150w, https:\/\/insidmeetings.org\/insid2019\/wp-content\/uploads\/2019\/12\/pdf-294x300.png 294w, https:\/\/insidmeetings.org\/insid2019\/wp-content\/uploads\/2019\/12\/pdf-50x50.png 50w\" sizes=\"(max-width: 36px) 100vw, 36px\" \/>\u00a0Click here to get the Book of Abstracts of the INSID 2019.<\/a><\/p>\n\n<table id=\"tablepress-3\" class=\"tablepress tablepress-id-3\">\n<thead>\n<tr class=\"row-1\">\n\t<td class=\"column-1\"><\/td><th class=\"column-2\">Thursday<br \/>\n5th December 2019   <\/th><th class=\"column-3\">Friday<br \/>\n06th December 2019  <\/th><th class=\"column-4\">Saturday<br \/>\n07th December 2019<\/th>\n<\/tr>\n<\/thead>\n<tbody class=\"row-striping row-hover\">\n<tr class=\"row-2\">\n\t<td class=\"column-1\">08:00-09:30<\/td><td class=\"column-2\">Tutorials<\/td><td class=\"column-3\">Tutorials<\/td><td class=\"column-4\"><\/td>\n<\/tr>\n<tr class=\"row-3\">\n\t<td class=\"column-1\">09:30-09:45<\/td><td class=\"column-2\">Opening session<\/td><td class=\"column-3\">Technical sessions 5 and 6 <\/td><td class=\"column-4\">Technical sessions 13 and 14<\/td>\n<\/tr>\n<tr class=\"row-4\">\n\t<td class=\"column-1\">09:45-10:30<\/td><td class=\"column-2\">Plenary session 1<\/td><td class=\"column-3\">Technical sessions 5 and 6 <\/td><td class=\"column-4\">Technical sessions 13 and 14<\/td>\n<\/tr>\n<tr class=\"row-5\">\n\t<td class=\"column-1\">10:30-11:00<br \/>\n<\/td><td class=\"column-2\">Break<br \/>\n<\/td><td class=\"column-3\">Break<br \/>\n<\/td><td class=\"column-4\">Break<br \/>\n<\/td>\n<\/tr>\n<tr class=\"row-6\">\n\t<td class=\"column-1\">11:00-11:30<br \/>\n<\/td><td class=\"column-2\">Technical sessions 1 and 2<br \/>\n<\/td><td class=\"column-3\">Technical sessions 7 and 8<br \/>\n<\/td><td class=\"column-4\">Technical sessions 15 and 16<\/td>\n<\/tr>\n<tr class=\"row-7\">\n\t<td class=\"column-1\">11:30-12:00<br \/>\n<\/td><td class=\"column-2\">Technical sessions 1 and 2<br \/>\n<\/td><td class=\"column-3\">Technical sessions 7 and 8<br \/>\n<\/td><td class=\"column-4\">Technical sessions 15 and 16<\/td>\n<\/tr>\n<tr class=\"row-8\">\n\t<td class=\"column-1\">12:00-12:30<br \/>\n<\/td><td class=\"column-2\">Technical sessions 1 and 2<br \/>\n<\/td><td class=\"column-3\">Technical sessions 7 and 8<br \/>\n<\/td><td class=\"column-4\">Closing Session<br \/>\n<\/td>\n<\/tr>\n<tr class=\"row-9\">\n\t<td class=\"column-1\">12:30-14:00<br \/>\n<\/td><td class=\"column-2\">Lunch Break (on your own)<br \/>\n<\/td><td class=\"column-3\">Lunch Break (on your own)<\/td><td class=\"column-4\"><\/td>\n<\/tr>\n<tr class=\"row-10\">\n\t<td class=\"column-1\">14:00-14:30<\/td><td class=\"column-2\">Technical sessions 3 and 4 <br \/>\n<\/td><td class=\"column-3\">Technical sessions 9 and 10<\/td><td class=\"column-4\"><\/td>\n<\/tr>\n<tr class=\"row-11\">\n\t<td class=\"column-1\">14:30-15:00<br \/>\n<\/td><td class=\"column-2\">Technical sessions 3 and 4 <br \/>\n<br \/>\n<\/td><td class=\"column-3\">Technical sessions 9 and 10<\/td><td class=\"column-4\"><\/td>\n<\/tr>\n<tr class=\"row-12\">\n\t<td class=\"column-1\">15:00-15:30<br \/>\n<\/td><td class=\"column-2\">Technical sessions 3 and 4  <br \/>\n<\/td><td class=\"column-3\">Technical sessions 9 and 10<\/td><td class=\"column-4\"><\/td>\n<\/tr>\n<tr class=\"row-13\">\n\t<td class=\"column-1\">15:30-16:00<br \/>\n<\/td><td class=\"column-2\">Break<br \/>\n<\/td><td class=\"column-3\">Break<\/td><td class=\"column-4\"><\/td>\n<\/tr>\n<tr class=\"row-14\">\n\t<td class=\"column-1\">16:00-16:30<br \/>\n<\/td><td class=\"column-2\">Plenary session 2: Panel - Education MCDM<br \/>\n<\/td><td class=\"column-3\">Technical sessions 11 and 12<\/td><td class=\"column-4\"><\/td>\n<\/tr>\n<tr class=\"row-15\">\n\t<td class=\"column-1\">16:30-17:00<br \/>\n<\/td><td class=\"column-2\">Plenary session 2: Panel - Education MCDM<br \/>\n<\/td><td class=\"column-3\">Technical sessions 11 and 12<\/td><td class=\"column-4\"><\/td>\n<\/tr>\n<tr class=\"row-16\">\n\t<td class=\"column-1\">17:00-17:30<\/td><td class=\"column-2\">Plenary session 2: Panel - Education MCDM<br \/>\n<\/td><td class=\"column-3\">Technical sessions 11 and 12<\/td><td class=\"column-4\"><\/td>\n<\/tr>\n<tr class=\"row-17\">\n\t<td class=\"column-1\">20:30-00:00<\/td><td class=\"column-2\"><\/td><td class=\"column-3\">General reception by your own<\/td><td class=\"column-4\"><\/td>\n<\/tr>\n<\/tbody>\n<\/table>\n<!-- #tablepress-3 from cache -->\n<p><strong>Plenary Session 1 :<\/strong> Multicriteria Analysis: Problems, Traps, Methods, and Hybridism &#8211; Helder Gomes Costa (UFF)<\/p>\n<p><strong>Plenary Session 2 :<\/strong> Panel: Education in MCDM<\/p>\n<p>The panel will discuss directions for teaching MCDM in Brazilian Universities.<\/p>\n<p>Participants:<br \/>Ana Paula Cabral Seixas Costa, UFPE (Mediator)<br \/>Adiel Teixeira de Almeida, UFPE<br \/>Cristiano Torezzan, UNICAMP<br \/>Helder Gomes Costa, UFF<br \/>Luiz Cesar Ribeiro Carpinetti, USP\/SC<br \/>Mariana Rodrigues de Almeida, UFRN<br \/>Mischel Carmen Belderrain, ITA<\/p>\n<p><strong>Tutorial 1:<\/strong> Modelling and applications of multicriteria problems with the FITradeoff method\u00a0 &#8211; Eduarda Frej and Rodrigo Ferreira (UFPE)<\/p>\n<p><strong>Tutorial 2:<\/strong> Boundaries between MCDA and Data Science &#8211; Cristiano Torezzan and Leonardo Tomazeli Duarte (UNICAMP)<\/p>\n<p><span class=\"tlid-translation translation\" lang=\"en\"><span title=\"\">Interested participants in these tutorials should register at\u00a0Sympla due to limited availability:<\/span><\/span><\/p>\n<p>Tutorial 1 &#8211; <a href=\"https:\/\/bit.ly\/2OgIMP6\">https:\/\/bit.ly\/2OgIMP6<\/a><br \/>Tutorial 2 &#8211; <a href=\"https:\/\/bit.ly\/2Dcbydu\" target=\"_blank\" rel=\"noopener\">https:\/\/bit.ly\/2Dcbydu<\/a><\/p>\n<hr \/>\n<p style=\"text-align: center;\"><strong>Technical Session 1 (Thursday &#8211; 5th December 2019 &#8211;\u00a011:00-12:30)<\/strong><\/p>\n<p style=\"text-align: center;\">Chair: Mariana de Almeida<\/p>\n<ul>\n<li>\n<p>AN\u00c1LISE DA EFICI\u00caNCIA NA PRODU\u00c7\u00c3O DE ENERGIA NOS PARQUES E\u00d3LICOS NO ESTADO DE PERNAMBUCO POR MEIO DA APLICA\u00c7\u00c3O DE AN\u00c1LISE DE ENVOLT\u00d3RIO DE DADOS (UFPE) &#8211; Luan Lima and S\u00f3stenes Lins<\/p>\n<\/li>\n<li>\n<p>IMPLEMENTA\u00c7\u00c3O DE MEDIDAS DE MITIGA\u00c7\u00c3O DAS MUDAN\u00c7AS CLIM\u00c1TICAS NO PLANEJAMENTO DE LONGO PRAZO DA EXPANS\u00c3O DA GERA\u00c7\u00c3O UTILIZANDO UMA ABORDAGEM MULTICRIT\u00c9RIO (CEPEL) &#8211; Thatiana Justino, Albert Melo, Nelson Maculan and Maria Maceira<\/p>\n<\/li>\n<li>\n<p>DECISION ANALYSIS MODEL USE RENEWABLE ENERGY SOURCES IN AIRPORTS (UFRN) &#8211; Emanuel Macedo, Lucas Da Costa and Herbert Viana<\/p>\n<\/li>\n<li>\n<p>PRODU\u00c7\u00c3O E RECICLAGEM DE ELVS NO BRASIL: UMA ESTIMATIVA COM BASE EM UM MODELO H\u00cdBRIDO DE PREVIS\u00c3O (UFPE) &#8211;\u00a0 Jos\u00e9 Am\u00e9rico Souza and Ma\u00edsa Silva<\/p>\n<\/li>\n<\/ul>\n<hr \/>\n<p style=\"text-align: center;\"><strong>Technical Session 2 (Thursday &#8211; 5th December 2019 &#8211;\u00a011:00-12:30) <br \/><\/strong><\/p>\n<p style=\"text-align: center;\">Chair: Helder Costa<\/p>\n<ul>\n<li>\n<p>MULTI-CRITERIA DECISION-MAKING METHOD: MANAGEMENT OF THE MALFUNCTION OF A RETAIL WHOLESALE METHOD COMPANY (UFRN) &#8211; Victor Silva<\/p>\n<\/li>\n<li>\n<p>APLICA\u00c7\u00c3O DO M\u00c9TODO DE BORDA-AHP A INDICADORES DOS SETORES DA IND\u00daSTRIA BRASILEIRA (UFF) &#8211; Michelle Campos Ramos and Helder Costa<\/p>\n<\/li>\n<li>\n<p>INTEGRATION OF AHP AND TOPSIS METHODS FOR CONTRACTING SOCCER PLAYERS: A CASE STUDY IN A POTIGUE CLUB (UFRN) &#8211; Wilkson Ricardo Silva Castro, Amanda Gomes de Assis, Felliphe Ovidio de Melo Sousa, Alexandre Guilherme Rodrigues Varella, Eric Lucas dos Santos Cabral, Ricardo Pires de Souza and Cl\u00e1udia Aparecida Cavalheiro Francisco<\/p>\n<\/li>\n<li>\n<p>SIMULA\u00c7\u00c3O DE EVENTOS DISCRETOS EM UMA IND\u00daSTRIA ALIMENT\u00cdCIA DE M\u00c9DIO PORTE UTILIZANDO ARENA (UFPE) &#8211; Jos\u00e9 Maria de Carvalho J\u00fanior and Cristiano Alexandre Virg\u00ednio Cavalcante<\/p>\n<\/li>\n<\/ul>\n<hr \/>\n<p style=\"text-align: center;\"><strong>Technical Session 3 (Thursday &#8211; 5th December 2019 &#8211;\u00a014:00-15:30) <br \/><\/strong><\/p>\n<p style=\"text-align: center;\">Chair: Cristiano Torezzan<\/p>\n<ul>\n<li>STUDY OF INCONSISTENCIES IN THE TRADEOFF ELICITATION PROCEDURE USING THE EYE-TRACKING NEUROSCIENCE TOOL (UFPE) &#8211; Gabriela Silva da Silva, Danielle Costa Morais and Adiel Teixeira de Almeida<\/li>\n<li>COMPATIBILITY AND CORRELATION OF MULTI-CRITERIA DECISION ANALYSIS APPLIED TO DISCRETE DECISION PROBLEMS (UNESP) &#8211; Valerio Salomon<\/li>\n<li>DECISION SUPPORT SYSTEM WITH FLEXIBLE AND INTERACTIVE TRADEOFF FOR PREFERENCES ELICITATION (UFPE) &#8211; Moacir Galdino, Eduarda Frej and Adiel de Almeida<\/li>\n<li style=\"text-align: center;\">AN UNSUPERVISED APPROACH FOR WEIGHTING CRITERIA IN MULTICRITERIA DECISION ANALYSIS (UNICAMP) &#8211; Cristiano Torezzan, Lucas Constantino Delago and Leonardo Tomazeli Duarte<br \/><hr \/>\n<p style=\"text-align: center;\"><strong>Technical Session 4 (Thursday &#8211; 5th December 2019 &#8211;\u00a014:00-15:30) <br \/><\/strong><\/p>\n<p>Chair: Luiz Carpinetti \/ Leonardo Tomazeli Duarte<\/p>\n<\/li>\n<li>\n<p>UM NOVO M\u00c9TODO DE NORMALIZA\u00c7\u00c3O BASEADO NO CONCEITO DE REFER\u00caNCIA IDEAL EM L\u00d3GICA FUZZY (UFRN) &#8211; Rafael Palhares\u00a0and\u00a0\u00c9verton Santi<\/p>\n<\/li>\n<li>\n<p>BIDDING DECISION MODEL BASED ON MCDM\/A IN A FUZZY ENVIRONMENT (UFCG) &#8211; Maria Creuza Araujo, Luciana Alencar and Caroline Mota<\/p>\n<\/li>\n<li>\n<p>FLOW-BASED CHOQUET INTEGRAL FORMULATION FOR MULTI-CRITERIA SORTING PROBLEMS WITH HETEROGENEOUS SCALES (UNICAMP) &#8211; Renata Pelissari and Leonardo Tomazeli Duarte<\/p>\n<\/li>\n<li style=\"text-align: center;\">\n<p>PROPOSAL OF A SUPPLY RISK PRIORITIZATION METHOD BASED ON THE APPLICATION OF FUZZY TECHNIQUES FOR GROUP DECISION MAKING (USP) &#8211; Rafael Arantes and Luiz Carpinetti<\/p>\n<hr \/>\n<p style=\"text-align: center;\"><strong>Technical Session 5 (Friday &#8211; 6th December 2019 &#8211; 09:30-10:30) <br \/><\/strong><\/p>\n<p>Chair: Mariana de Almeida<\/p>\n<\/li>\n<li>\u00a0PROPOSTA DE MODELO ANAL\u00cdTICO-AVALIATIVO EM UNIDADES DE OR\u00c7AMENTO PARTICIPATIVO (OP) (UFPE) &#8211; Adner Matheus Andrade Silva, Marcele Elisa Fontana and Danielle Costa Morais<\/li>\n<li>RANKING USING _-EFFICIENCY AND RELATIVE SIZE MEASURES BASED ON DEA (UFF) &#8211; Simon Y. Kanematsua, Ney P. de Carvalho, Carlos Alberto Martinhon and Mariana de Almeida<\/li>\n<li style=\"text-align: center;\">MCDM MODEL FOR RESOURCE ALLOCATION IN HIGHER EDUCATION (UFMT) &#8211; Carolina Lino Martins, J\u00f4natas Ara\u00fajo de Almeida and Adiel Teixeira de Almeida<br \/><hr \/>\n<p style=\"text-align: center;\"><strong>Technical Session 6 (Friday &#8211; 6th December 2019 &#8211; 09:30-10:30) <\/strong><\/p>\n<p>Chair: Leonardo Pess\u00f4a<\/p>\n<\/li>\n<li>\n<p>ALOCA\u00c7\u00c3O DE ARTILHARIA ANTIA\u00c9REA IGLA-S OPERADA PELA FAB UTILIZANDO VALUE-FOCUSED THINKING E ANALYTIC HIERARCHY PROCESS (ITA) &#8211; Jos\u00e9 Tarc\u00edzio Cardoso J\u00fanior, Eduardo Beltr\u00e3o, Amanda Silva, Mischel Carmen Belderrain and Felipe Silva<\/p>\n<\/li>\n<li>\n<p>\u00a0DIFICULDADES PARA A PADRONIZA\u00c7\u00c3O DA FICHA DE ANTECEDENTES CRIMINAIS DA POL\u00cdCIA FEDERAL: UMA AN\u00c1LISE BASEADA NA SOFT SYSTEMS METHODOLOGY (UFPE) &#8211; Liv\u00f4nio Teles Lima and Suzana Daher<\/p>\n<\/li>\n<li>\n<p>\u00a0SCIENCE, TECHNOLOGY AND INNOVATION &#8211; BRAZILIAN NAVY AND ACADEMY RESEARCHING TOGETHER: THE CASNAV\/INSID CASE (CASNAV) &#8211; Leonardo Pess\u00f4a, Caroline Mota, Helder Costa and Mauricio Pires Malburg da Silveira<\/p>\n<\/li>\n<\/ul>\n<hr \/>\n<p style=\"text-align: center;\"><strong>Technical Session 7 (Friday &#8211; 6th December 2019 &#8211; 11:00-12:30) <br \/><\/strong><\/p>\n<p style=\"text-align: center;\">Chair: Luciana Hazin Alencar<\/p>\n<ul>\n<li>\u00a0MULTICRITERIA PERFORMANCE EVALUATION OF RETAIL DATA MANAGEMENT: INDUSTRY 4.0 AS DATA MANAGEMENT SUPPORT (UFRN) &#8211; Dellano Tinoco and Mariana Almeida<\/li>\n<li>MODELO MULTICRIT\u00c9RIO PARA SELE\u00c7\u00c3O DE INDICADORES DE DESEMPENHO PARA EMPRESAS DE TRANSPORTES COM BASE NO BSC E FITRADEOFF (UFPE) &#8211; Carlos Eugenio Batista da Silva Junior and Rodrigo Jos\u00e9 Pires Ferreira<\/li>\n<li>DECISION SUPPORT TO PRIORITIZE WCM PROJECTS USING FITRADEOFF RANKING METHOD (UFS) &#8211; Ana Paula Henriques De Gusm\u00e3o, C\u00e1ssia Taisy Alencar de Andrade and Wladson Silva<\/li>\n<li>UTILIZA\u00c7\u00c3O DO M\u00c9TODO FITTRADEOFF PARA SELE\u00c7\u00c3O DE SUBCONTRATADOS NA CONSTRU\u00c7\u00c3O CIVIL (UFPE) &#8211; Jerusa Cristina Guimar\u00e3es de Medeiros and Luciana Hazin Alencar<\/li>\n<li>MODELO MULTICRIT\u00c9RIO BASEADO NO M\u00c9TODO FITRADEOFF PARA DEFINI\u00c7\u00c3O DE TEMPOS DE INSPE\u00c7\u00c3O EM UM SISTEMA SUJEITO A INSPE\u00c7\u00d5ES IMPERFEITAS (UFPE) &#8211; Augusto Jos\u00e9 Da Silva Rodrigues\u00a0and\u00a0Cristiano Alexandre Virg\u00ednio Cavalcante<\/li>\n<\/ul>\n<hr \/>\n<p style=\"text-align: center;\"><strong>Technical Session 8 (Friday &#8211; 6th December 2019 &#8211; 11:00-12:30) <\/strong><\/p>\n<p style=\"text-align: center;\">Chair: Mischel Carmen Belderrain<\/p>\n<ul>\n<li>\u00a0NEGOTIATION ON DRAMA THEORY: A PROBLEM STRUCTURING METHOD (ITA) &#8211; Alvimar Lucena and Mischel Carmen Belderrain<\/li>\n<li>FRAMEWORK DE AQUISI\u00c7\u00c3O PARA NEGOCIA\u00c7\u00c3O ENTRE EMPRESAS INCLUINDO A RESPONSABILIDADE SOCIAL CORPORATIVA (UFPE) &#8211; Over Montes Causil and Danielle Costa Morais<\/li>\n<li>ESTABILIDADE DO OTIMISMO PESSIMISMO NO MODELO DE GRAFO PARA RESOLU\u00c7\u00c3O DE CONFLITOS MULTILATERAIS (UFPE\/UFC) &#8211; Emerson Rodrigues Sabino and Leandro Chaves R\u00eago<\/li>\n<li>THE USE OF ORDERED WEIGHTED OPERATORS IN NEGOTIATION PROTOCOL (UFPE) &#8211; Jos\u00e9 Le\u00e3o Silva Filho and Danielle Costa Morais<\/li>\n<li>HOW INTERACTIONS BETWEEN PATIENTS AND THE EMERGENCY DEPARTMENT CAN REDUCE OVERCROWDING: A GAME-THEORETICAL APPROACH (UFPE) &#8211; Lays Marques and Francisco Ramos<\/li>\n<\/ul>\n<hr \/>\n<p style=\"text-align: center;\"><strong>Technical Session 9 (Friday &#8211; 6th December 2019 &#8211; 14:00-15:30) <br \/><\/strong><\/p>\n<p style=\"text-align: center;\">Chair: Cristiano Alexandre Virg\u00ednio Cavalcante<\/p>\n<ul>\n<li>\n<p>AN\u00c1LISE DA INFLU\u00caNCIA DE FATORES DA QUALIDADE EM UM MODELO DE MANUTEN\u00c7\u00c3O DE INSPE\u00c7\u00c3O E SUBSTITUI\u00c7\u00c3O PREVENTIVA (UFPE) &#8211; Rafael G. N. Paiva, Lucas Q. M. da Costa, Vin\u00edcius A. S. Ten\u00f3rio, Augusto C\u00e9sar de J. Santos, Cristiano A. V. Cavalcante and Waldomiro Alves Ferreira Neto<\/p>\n<\/li>\n<li>\n<p>ESTUDO E MENSURA\u00c7\u00c3O DA EFIC\u00c1CIA DE POL\u00cdTICAS DE MANUTEN\u00c7\u00c3O (UFPE) &#8211; Lucas Q. M. da Costa, Rafael G. N. Paiva, Augusto C\u00e9sar de J. Santos, Vin\u00edcius A. S. Ten\u00f3rio and Cristiano A.V. Cavalcante<\/p>\n<\/li>\n<li>\n<p>MAINTENANCE AND DEMAND PLANNING POLICY OF SPARE PARTS IN A WIND FARM (UFPE) &#8211; Tulio F.O. Rodriguez, Hanser Jimenez and Cristiano V.A. Cavalcante<\/p>\n<\/li>\n<li>\n<p>MODELO PARA DEFINI\u00c7\u00c3O DE POL\u00cdTICAS DE INSPE\u00c7\u00c3O EM IND\u00daSTRIA DE MASSAS E BISCOITOS COM BASE NO DELAY TIME (UFPE) &#8211; Everson Luiz Da Silva Maia and Rodrigo Jos\u00e9 Pires Ferreira<\/p>\n<\/li>\n<li>\n<p>APLICA\u00c7\u00c3O DA MODELAGEM DELAY TIME NA POL\u00cdTICA PREVENTIVA DE SEGURAN\u00c7A P\u00daBLICA (UFPE) &#8211; Afonso Marangoni Junior, Augusto C\u00e9sar de Jesus Santos and Cristiano Alexandre Virg\u00ednio Cavalcante<\/p>\n<\/li>\n<\/ul>\n<hr \/>\n<p style=\"text-align: center;\"><strong>Technical Session 10 (Friday &#8211; 6th December 2019 &#8211; 14:00-15:30) <br \/><\/strong><\/p>\n<p style=\"text-align: center;\">Chair: Ana Paula Cabral Seixas Costa<\/p>\n<ul>\n<li>\n<p>CULTURAL ASPECTS AND MONETARY IMPLICATIONS: A COMPARATIVE STUDY ACROSS BRAZIL AND INDIA (UFPE) &#8211; Susane Farias Gomes, Danielle Costa Morais and R. P. Sundarraj<\/p>\n<\/li>\n<li>\n<p>PROBLEM STRUCTURING METHODS: A SCOPING REVIEW (UFCG) &#8211; Alexandre A. Gomes Junior, Vanessa B. Schramm and Fernando Schramm<\/p>\n<\/li>\n<li>\n<p>ASSESSING THE RELATIONSHIP BETWEEN SUPPLY CHAIN PERFORMANCE AND ORGANIZATIONAL CULTURE: A FUZZY GREY COGNITIVE MAPS BASED DECISION MODEL (USP) &#8211; Lucas Zanon, Luiz Cesar Ribeiro Carpinetti and Mateus Cec\u00edlio Gerolamo<\/p>\n<\/li>\n<li>\n<p>THE INFLUENCE OF MUSIC AND ARITHMETIC PROBLEMS SOLVING IN THE TRADEOFF ELICITATION CONTEXT (UFPE) &#8211; Ana Luiza de Oliveira Andrade and Danielle Costa Morais<\/p>\n<\/li>\n<li>\n<p>SISTEMA DE VOTA\u00c7\u00c3O POR SUBCONJUNTO ALEAT\u00d3RIO E DEMANDA COGNITIVA: UM ESTUDO PUPILOM\u00c9TRICO NO CONTEXTO DE DECIS\u00d5ES SOCIAIS (UFPE) &#8211; Daniela Nunes dos Santos Ferreira and Ana Paula Cabral Seixas Costa<\/p>\n<\/li>\n<\/ul>\n<hr \/>\n<p style=\"text-align: center;\"><strong>Technical Session 11 (Friday &#8211; 6th December 2019 &#8211; 16:00-17:30) <br \/><\/strong><\/p>\n<p style=\"text-align: center;\">Chair: Luiz Carpinetti<\/p>\n<ul>\n<li>\u00a0A HYBRID FUZZY GROUP DECISION MODEL BASED ON CONSENSUS TECHNIQUES AND MATHEMATICAL PROGRAMING FOR SUPPLIER EVALUATION (USP) &#8211; Lucas Calache, Lauro Osiro and Luiz Carpinetti<\/li>\n<li>PROPOSITION OF A GROUP DECISION MODEL TO DETERMINE RISK MANAGEMENT STRATEGIES IN ORGANIZATIONS INTEGRANT OF A SUPPLY CHAIN (USP) &#8211; Ingrid Saiala Cavalcante de Souza Feitosa, Luiz Cesar Ribeiro Carpinetti and Adiel Teixeira de Almeida Filho<\/li>\n<li>GROUP DECISION FRAMEWORK FOR MULTIDIMENSIONAL RISK ANALYSIS (UFPE) &#8211; Thalles Garcez, Danielle Morais, Tomasz Wachowicz and Adiel de Almeida<\/li>\n<li>DESENVOLVIMENTO DE UM MODELO DE NEGOCIA\u00c7\u00c3O INTEGRATIVA PARA A DEFINI\u00c7\u00c3O DE A\u00c7\u00d5ES INDIVIDUAIS NO CANAL DE FLUXO REVERSO (UFPE) &#8211; Wesley Douglas Oliveira Silva and\u00a0Marcele Elisa Fontana<\/li>\n<li>UM FRAMEWORK DE APOIO \u00c0 DECIS\u00c3O MULTICRIT\u00c9RIO EM GRUPO BASEADO NO CONCEITO DE REFER\u00caNCIA IDEAL PARA AMBIENTES FUZZY (UFRN) &#8211; Danyella Gessyca Reinaldo Batista and \u00c9verton Santi<\/li>\n<\/ul>\n<hr \/>\n<p style=\"text-align: center;\"><strong>Technical Session 12 (Friday &#8211; 6th December 2019 &#8211; 16:00-17:30) <br \/><\/strong><\/p>\n<p style=\"text-align: center;\">Chair: Raphael Kramer \/ Jo\u00e3o Carlos Soares de Mello<\/p>\n<ul>\n<li>\n<p>APLICA\u00c7\u00c3O DE MODELOS DE LOCALIZA\u00c7\u00c3O DE FACILIDADES NO ESTUDO DE LOCALIZA\u00c7\u00c3O DE CENTRAIS DO CIDAD\u00c3O EM NATAL\/RN (UFRN) &#8211; Lucas Matheus Rodrigues and Werner Kleyson da Silva Soares<\/p>\n<\/li>\n<li>\n<p>A HEURISTIC ALGORITHM FOR SOLVING AN INTEGRATED LOCATION-SCHEDULING PROBLEM (UFPE\/UFPB\/UFRN) &#8211; Arthur Kramer, Raphael Kramer and Hugo Kramer<\/p>\n<\/li>\n<li>\n<p>MULTICRITERIA EVALUATION OF WASTE DISPOSAL FACILITIES (UFF) &#8211; Daniel Prista and Jo\u00e3o Carlos Soares de Mello<\/p>\n<\/li>\n<li>\n<p>AVALIA\u00c7\u00c3O DAS CAPITAIS BRASILEIRAS EM RELA\u00c7\u00c3O A CIDADES INTELIGENTES E SUSTENT\u00c1VEIS UTILIZANDO O M\u00c9TODO FITRADEOFF (UFPE) &#8211; Jovenilson Rocha de Oliveira and Ma\u00edsa Mendon\u00e7a Silva<\/p>\n<\/li>\n<li>\n<p>AN\u00c1LISE DA TOMADA DE DECIS\u00c3O NA INTERA\u00c7\u00c3O DE VE\u00cdCULOS AUT\u00d4NOMOS EM CEN\u00c1RIOS ESPEC\u00cdFICOS (UFPE) &#8211; Carina Lemos Piton and Francisco Sousa Ramos<\/p>\n<\/li>\n<\/ul>\n<hr \/>\n<p style=\"text-align: center;\"><strong>Technical Session 13 (Saturday &#8211; 7th December 2019 &#8211; 09:30-10:30) <br \/><\/strong><\/p>\n<p style=\"text-align: center;\">Chair: Thalles Garcez<\/p>\n<ul>\n<li>\u00a0MULTICRITERIA MODELING AND SENSITIVITY ANALYSIS FOR EVALUATING RISK CLASSIFICATION IN NATURAL GAS PIPELINES (UFPE) &#8211; Francisco Filipe Cunha Lima Viana, Marcelo Hazin Alencar, Rodrigo Jos\u00e9 Pires Ferreira and Adiel Teixeira de Almeida<\/li>\n<li>ROAD SAFETY DECISION MAKING: PRIORITIZATION OF CAUSES OF TRAFFIC ACCIDENTS BY A MULTI-CRITERIA AND MULTI-PERIOD APPROACH (UFPE) &#8211; Mateus Martins and Thalles Garcez<\/li>\n<li>MULTICRITERIA METHOD IN DECISION MAKING: SUPPLY CHAIN DEVELOPMENT STRATEGIES FOR A BRAZILIAN OIL AND GAS COMPANY (UFRN) &#8211; Amadeu Lopes de Mac\u00eado J\u00fanior and Mariana Rodrigues de Almeida<\/li>\n<li>\n<p>APLICA\u00c7\u00c3O DA PROGRAMA\u00c7\u00c3O LINEAR NA OTIMIZA\u00c7\u00c3O DO MIX DE APARAS DE PAPEL\u00c3O EM UMA F\u00c1BRICA DE PAPEL RECICLADO (UFPE) &#8211; Bruno Victor Fernandes Santos and Rodrigo Jos\u00e9 Pires Ferreira<\/p>\n<\/li>\n<\/ul>\n<hr \/>\n<p style=\"text-align: center;\"><strong>Technical Session 14 (Saturday &#8211; 7th December 2019 &#8211; 09:30-10:30) <br \/><\/strong><\/p>\n<p style=\"text-align: center;\">Chair: Caroline Mota<\/p>\n<ul>\n<li>\n<p>M\u00c9TODO MULTICRIT\u00c9RIO DE TOMADA DE DECIS\u00c3O: APLICA\u00c7\u00c3O AO CASO DA LOCALIZA\u00c7\u00c3O ESPACIAL DE UMA UNIDADE DE PRONTO ATENDIMENTO \u2013 UPA 24H (UFRN) &#8211; Victor Silva<\/p>\n<\/li>\n<li>\n<p>AN\u00c1LISE DA RELA\u00c7\u00c3O ENTRE A CRIMINALIDADE E AS REGI\u00d5ES ADMINISTRATIVAS DO ESTADO DE PERNAMBUCO (UFPE) &#8211; H\u00e9lder Cacimiro and Carolina Mota<\/p>\n<\/li>\n<li>\n<p>FACTORS INFLUENCING THE CONVERSION OF COMMON INVESTIGATIONS INTO FEDERAL POLICE OPERATIONS (UFPE) &#8211; Fabr\u00edzio Garbi and Caroline Mota<\/p>\n<\/li>\n<li>\n<p>AN\u00c1LISE DE CEN\u00c1RIOS DE ROUBOS CONTRA INSTITUI\u00c7\u00d5ES FINANCEIRAS NO RIO GRANDE DO NORTE UTILIZANDO O M\u00c9TODO K-MEANS (UFPE) &#8211; Breno Rodrigo de Morais and Rodrigo Jos\u00e9 Pires Ferreira<\/p>\n<\/li>\n<\/ul>\n<hr \/>\n<p style=\"text-align: center;\"><strong>Technical Session 15 (Saturday &#8211; 7th December 2019 &#8211; 11:00-12:00) <br \/><\/strong><\/p>\n<p style=\"text-align: center;\">Chair: Marcelo Hazin Alencar<\/p>\n<ul>\n<li>\n<p>ANALYSIS OF CONSCIOUS AND UNCONSCIOUS CONSUMERS RESPONSES TO MARKETING STIMULI (UFPE) &#8211; Helo\u00edsa C\u00e2mara Bastos and Denise Dumke de Medeiros<\/p>\n<\/li>\n<li>\n<p>APLICA\u00c7\u00c3O DO M\u00c9TODO MULTICRIT\u00c9RIO PROMETHEE PARA DEFINIR ESTRAT\u00c9GIAS DE PREVEN\u00c7\u00c3O DE ACIDENTES DOS TRANSPORTES TERRESTRES NA REGI\u00c3O NORDESTE (UFPE) &#8211; David Jos\u00e9 da Silva, Augusto Jos\u00e9 da Silva Rodrigues, Adolfo Vicente Ara\u00fajo, Marcelo Hazin Alencar and Caroline Maria de Miranda Mota<\/p>\n<\/li>\n<li>\n<p>MODELO DE DECIS\u00c3O EM GRUPO PARA APOIO A ESCOLHA DE VARIEDADE DE MANGA EM NOVAS FAZENDAS (UFPE) &#8211; Andr\u00e9 Ara\u00fajo and Danielle Costa Morais<\/p>\n<\/li>\n<\/ul>\n<hr \/>\n<p style=\"text-align: center;\"><strong>Technical Session 16 (Saturday &#8211; 7th December 2019 &#8211; 11:00-12:00) <br \/><\/strong><\/p>\n<p style=\"text-align: center;\">Chair: Mariana de Almeida<\/p>\n<ul>\n<li>\n<p>AVALIA\u00c7\u00c3O DA COMPET\u00caNCIA DO GERENTE DE PROJETOS EM ANALYTICS PARA A TOMADA DE DECIS\u00c3O (UFPE) &#8211; Daniel Pinto,\u00a0Patricia Andrade\u00a0and\u00a0Luciana Alencar<\/p>\n<\/li>\n<li>\n<p>BUSINESS INTELLIGENCE: PROPOSAL FOR IMPLEMENTATION IN SMALL INDUSTRIES (UFRN) &#8211; Maiko Saturnino Cabral Oliveira, Edvan Cruz Aguiar and Mariana Rodrigues Almeida<\/p>\n<\/li>\n<li>\n<p>SISTEM\u00c1TICA PARA AVALIA\u00c7\u00c3O DO DESEMPENHO DE PROJETOS (UFPE) &#8211; Sassha Gissett Rico D\u00edaz\u00a0and\u00a0Luciana Hazin Alencar<\/p>\n<\/li>\n<\/ul>\n\n\n<p><\/p>\n","protected":false},"excerpt":{"rendered":"<p>\u00a0Click here to get the Proceedings of the INSID 2019 (Last update on 11 March 2020). \u00a0Click here to get the Book of Abstracts of the INSID 2019. Plenary Session 1 : Multicriteria Analysis: Problems, Traps, Methods, and Hybridism &#8211; Helder Gomes Costa (UFF) Plenary Session 2 : Panel: Education in MCDM The panel will [&hellip;]<\/p>\n","protected":false},"author":1,"featured_media":0,"parent":0,"menu_order":0,"comment_status":"closed","ping_status":"closed","template":"","meta":{"footnotes":""},"class_list":["post-38","page","type-page","status-publish","hentry"],"_links":{"self":[{"href":"https:\/\/insidmeetings.org\/insid2019\/wp-json\/wp\/v2\/pages\/38","targetHints":{"allow":["GET"]}}],"collection":[{"href":"https:\/\/insidmeetings.org\/insid2019\/wp-json\/wp\/v2\/pages"}],"about":[{"href":"https:\/\/insidmeetings.org\/insid2019\/wp-json\/wp\/v2\/types\/page"}],"author":[{"embeddable":true,"href":"https:\/\/insidmeetings.org\/insid2019\/wp-json\/wp\/v2\/users\/1"}],"replies":[{"embeddable":true,"href":"https:\/\/insidmeetings.org\/insid2019\/wp-json\/wp\/v2\/comments?post=38"}],"version-history":[{"count":166,"href":"https:\/\/insidmeetings.org\/insid2019\/wp-json\/wp\/v2\/pages\/38\/revisions"}],"predecessor-version":[{"id":936,"href":"https:\/\/insidmeetings.org\/insid2019\/wp-json\/wp\/v2\/pages\/38\/revisions\/936"}],"wp:attachment":[{"href":"https:\/\/insidmeetings.org\/insid2019\/wp-json\/wp\/v2\/media?parent=38"}],"curies":[{"name":"wp","href":"https:\/\/api.w.org\/{rel}","templated":true}]}}