{"id":12,"date":"2018-07-04T02:46:17","date_gmt":"2018-07-04T02:46:17","guid":{"rendered":"http:\/\/gdnconference.org\/gdn2019\/?page_id=12"},"modified":"2020-10-16T13:44:07","modified_gmt":"2020-10-16T13:44:07","slug":"committees","status":"publish","type":"page","link":"https:\/\/insidmeetings.org\/insid2020\/committees\/","title":{"rendered":"Committees"},"content":{"rendered":"\t\t<div data-elementor-type=\"wp-page\" data-elementor-id=\"12\" class=\"elementor elementor-12\">\n\t\t\t\t\t\t<section class=\"elementor-section elementor-top-section elementor-element elementor-element-5e9f5eac elementor-section-boxed elementor-section-height-default elementor-section-height-default\" data-id=\"5e9f5eac\" data-element_type=\"section\" data-e-type=\"section\">\n\t\t\t\t\t\t<div class=\"elementor-container elementor-column-gap-default\">\n\t\t\t\t\t<div class=\"elementor-column elementor-col-100 elementor-top-column elementor-element elementor-element-4295e079\" data-id=\"4295e079\" data-element_type=\"column\" data-e-type=\"column\">\n\t\t\t<div class=\"elementor-widget-wrap elementor-element-populated\">\n\t\t\t\t\t\t<div class=\"elementor-element elementor-element-2fd7854 elementor-widget elementor-widget-text-editor\" data-id=\"2fd7854\" data-element_type=\"widget\" data-e-type=\"widget\" data-widget_type=\"text-editor.default\">\n\t\t\t\t<div class=\"elementor-widget-container\">\n\t\t\t\t\t\t\t\t\t<h4><strong>Program Chair<\/strong><\/h4><p>Danielle Costa Morais, Universidade Federal de Pernambuco, Brazil<\/p><h4><strong>Steering Committee<\/strong><\/h4><p>Adiel Teixeira de Almeida, Universidade Federal de Pernambuco, Brazil<br \/>Keith Hipel, University of Waterloo, Canada<br \/>Love Ekenberg,\u00a0\u00a0Stockholm University,\u00a0\u00a0Sweden<br \/>Marc Kilgour,\u00a0\u00a0Wilfrid Laurier University, Canada<br \/>Pascale Zarate,\u00a0\u00a0Universite Toulouse 1 Capitole, France<br \/>Ralph Keeney, USA<br \/>Roman Slowinski, Poznan University of Technology, Poland<br \/>Rudolf Vetschera, University of Vienna, Austria<br \/>Petr Ekel, Pontitifica Universidade Catolica de Minas Gerais, Brazil<br \/>Marcos Pereira Estellita Lins, Universidade Federal do Rio de Janeiro, Brazil<br \/>Helder Gomes Costa, Universidade Federal Fluminense, Brazil<br \/>Mischel Carmen Neyra Belderrain, Instituto Tecnologico de Aeronautica, Brazil<br \/>Danielle Costa Morais, Universidade Federal de Pernambuco, Brazil<\/p><h4><strong>Program Committee<\/strong><\/h4><p>Alexandre Bevilacquea Leoneti, Universidade de S\u00e3o Paulo, Brazil<br \/>Ana Paula Cabral Seixas Costa, Universidade Federal de Pernambuco, Brazil<br \/>Ana Paula Henriques de Gusm\u00e3o, Universidade Federal de Sergipe, Brazil<br \/>Annibal Parracho Sant\u2019Anna, Universidade Federal Fluminense, Brazil<br \/>Carlos Francisco Sim\u00f5es Gomes, Universidade Federal Fluminense, Brazil<br \/>Caroline Maria de Miranda Mota, Universidade Federal de Pernambuco, Brazil<br \/>Cristiano Alexandre V. Cavalcante, Universidade Federal de Pernambuco, Brazil<br \/>Cristiano Torezzan, Universidade Estadual de Campinas, Brazil<br \/>Daniel Aloise, Polytechnique Montr\u00e9al, Canada<br \/>Haiyan Xu,\u00a0\u00a0Nanjing University of Aeronautics and Astronautics, China<br \/>Hannu Nurmi,\u00a0 University of Turku,\u00a0 Finland<br \/>Jo\u00e3o Carlos C. Baptista Soares de Mello, Universidade Federal Fluminense, Brazil<br \/>Johannes Siebert, MCI Management Center Innsbruck, Austria<br \/>Jos\u00e9 Rui Figueira, Technical University of Lisbon, Portugal<br \/>Leandro Chaves R\u00eago, Universidade Federal do Cear\u00e1, Brazil<br \/>Liping Fang, Ryerson University, Canada<br \/>Luciana Hazin Alencar, Universidade Federal de Pernambuco, Brazil<br \/>Luiz Bueno da Silva, Universidade Federal da Para\u00edba, Brazil<br \/>Luiz C\u00e9sar Ribeiro Carpinetti, Universidade de S\u00e3o Paulo, S\u00e3o Carlos, Brazil<br \/>Maria Teresinha Arns Steiner, Pontif\u00edcia Universidade Cat\u00f3lica Paran\u00e1, Brazil<br \/>Mariana R. de Almeida, Universidade Federal do Rio Grande do Norte, Brazil<br \/>Salvatore Greco, University of Catania, Italy<br \/>S\u00e9rgio Eduardo Gouv\u00eaa da Costa, Pontif\u00edcia Universidade Cat\u00f3lica Paran\u00e1, Brazil<br \/>Vanessa Batista de Sousa Silva, Universidade Federal de Campina Grande, Brazil<\/p><h4><strong>Organizing Chair<\/strong><\/h4><p>Danielle Costa Morais, Universidade Federal de Pernambuco, Brazil<br \/>Luciana Hazin Alencar, Universidade Federal de Pernambuco, Brazil<br \/>Maisa Mendon\u00e7a, Universidade Federal de Pernambuco, Brazil<br \/>Rodrigo Ferreira, Universidade Federal de Pernambuco, Brazil<br \/>Alexandre Alberti, Universidade Federal de Pernambuco, Brazil<\/p>\t\t\t\t\t\t\t\t<\/div>\n\t\t\t\t<\/div>\n\t\t\t\t\t<\/div>\n\t\t<\/div>\n\t\t\t\t\t<\/div>\n\t\t<\/section>\n\t\t\t\t<\/div>\n\t\t","protected":false},"excerpt":{"rendered":"<p>Program Chair Danielle Costa Morais, Universidade Federal de Pernambuco, Brazil Steering Committee Adiel Teixeira de Almeida, Universidade Federal de Pernambuco, BrazilKeith Hipel, University of Waterloo, CanadaLove Ekenberg,\u00a0\u00a0Stockholm University,\u00a0\u00a0SwedenMarc Kilgour,\u00a0\u00a0Wilfrid Laurier University, CanadaPascale Zarate,\u00a0\u00a0Universite Toulouse 1 Capitole, FranceRalph Keeney, USARoman Slowinski, Poznan University of Technology, PolandRudolf Vetschera, University of Vienna, AustriaPetr Ekel, Pontitifica Universidade Catolica de [&hellip;]<\/p>\n","protected":false},"author":1,"featured_media":0,"parent":0,"menu_order":0,"comment_status":"closed","ping_status":"closed","template":"","meta":{"footnotes":""},"class_list":["post-12","page","type-page","status-publish","hentry"],"_links":{"self":[{"href":"https:\/\/insidmeetings.org\/insid2020\/wp-json\/wp\/v2\/pages\/12","targetHints":{"allow":["GET"]}}],"collection":[{"href":"https:\/\/insidmeetings.org\/insid2020\/wp-json\/wp\/v2\/pages"}],"about":[{"href":"https:\/\/insidmeetings.org\/insid2020\/wp-json\/wp\/v2\/types\/page"}],"author":[{"embeddable":true,"href":"https:\/\/insidmeetings.org\/insid2020\/wp-json\/wp\/v2\/users\/1"}],"replies":[{"embeddable":true,"href":"https:\/\/insidmeetings.org\/insid2020\/wp-json\/wp\/v2\/comments?post=12"}],"version-history":[{"count":90,"href":"https:\/\/insidmeetings.org\/insid2020\/wp-json\/wp\/v2\/pages\/12\/revisions"}],"predecessor-version":[{"id":1126,"href":"https:\/\/insidmeetings.org\/insid2020\/wp-json\/wp\/v2\/pages\/12\/revisions\/1126"}],"wp:attachment":[{"href":"https:\/\/insidmeetings.org\/insid2020\/wp-json\/wp\/v2\/media?parent=12"}],"curies":[{"name":"wp","href":"https:\/\/api.w.org\/{rel}","templated":true}]}}