{"id":1098,"date":"2020-09-29T19:04:56","date_gmt":"2020-09-29T19:04:56","guid":{"rendered":"http:\/\/insid.events\/insid2020\/?page_id=1098"},"modified":"2022-09-28T15:09:53","modified_gmt":"2022-09-28T15:09:53","slug":"registration","status":"publish","type":"page","link":"https:\/\/insidmeetings.org\/insid2022\/registration\/","title":{"rendered":"Registration"},"content":{"rendered":"\n<p>Early registration (before October 14, 2022)<\/p>\n\n\n\n<ul class=\"wp-block-list\"><li>Undergraduate Student | R$50,00 | US$ 10.00<\/li><li>Postgraduate Student (Lato and Stricto Sensu) | R$100,00 | US$ 20.00<\/li><li>Professor | R$150,00 | US$ 30.00<\/li><li>Other Participants | R$150,00 | US$ 30.00<\/li><\/ul>\n\n\n\n<p>Late registration (after October 15, 2022)<\/p>\n\n\n\n<ul class=\"wp-block-list\"><li>Undergraduate Student | R$80,00 | US$ 16.00<\/li><li>Postgraduate Student (Lato and Stricto Sensu) | R$150,00 | US$ 30.00<\/li><li>Professor | R$200,00 | US$ 40.00<\/li><li>Other Participants | R$200,00 | US$ 40.00<\/li><\/ul>\n\n\n\n<h3 class=\"wp-block-heading\">Payment Options:<\/h3>\n\n\n\n<h5 class=\"wp-block-heading\">1. Bank transfer:<\/h5>\n\n\n\n<p> <br>IPSID \u2013 Instituto de Pesquisa em Sistemas de Informa\u00e7\u00e3o e Decis\u00e3o \u2013 (CNPJ 07.432.348\/0001-05)<br>Inscri\u00e7\u00e3o Mercantil: 362.823-0<br>Bank number: 001 \u2013 Banco do Brasil<br>Agency: 3613-7 \u2013 Cidade Universit\u00e1ria<br>Account: 29348-2<br>Iban: BR2800000000036130000293482C1<br>Swift: BRASBRRJBHE <\/p>\n\n\n\n<h5 class=\"wp-block-heading\"><\/h5>\n\n\n\n<p>Please attach the proof of payment into the registration form. If you have any questions, contact insid@insid.events<\/p>\n\n\n\n<h4 class=\"wp-block-heading\"><strong><a href=\"https:\/\/docs.google.com\/forms\/d\/e\/1FAIpQLSef4F_oT6JcKoK8D-qpSWJ3nGlfy5_WH-ufIhD3I-Z-DUYGvA\/viewform\">INSID 2022 &#8211; Registration Form<\/a><\/strong><\/h4>\n","protected":false},"excerpt":{"rendered":"<p>Early registration (before October 14, 2022) Undergraduate Student | R$50,00 | US$ 10.00 Postgraduate Student (Lato and Stricto Sensu) | R$100,00 | US$ 20.00 Professor | R$150,00 | US$ 30.00 Other Participants | R$150,00 | US$ 30.00 Late registration (after October 15, 2022) Undergraduate Student | R$80,00 | US$ 16.00 Postgraduate Student (Lato and Stricto [&hellip;]<\/p>\n","protected":false},"author":1,"featured_media":0,"parent":0,"menu_order":0,"comment_status":"closed","ping_status":"closed","template":"","meta":{"footnotes":""},"class_list":["post-1098","page","type-page","status-publish","hentry"],"_links":{"self":[{"href":"https:\/\/insidmeetings.org\/insid2022\/wp-json\/wp\/v2\/pages\/1098","targetHints":{"allow":["GET"]}}],"collection":[{"href":"https:\/\/insidmeetings.org\/insid2022\/wp-json\/wp\/v2\/pages"}],"about":[{"href":"https:\/\/insidmeetings.org\/insid2022\/wp-json\/wp\/v2\/types\/page"}],"author":[{"embeddable":true,"href":"https:\/\/insidmeetings.org\/insid2022\/wp-json\/wp\/v2\/users\/1"}],"replies":[{"embeddable":true,"href":"https:\/\/insidmeetings.org\/insid2022\/wp-json\/wp\/v2\/comments?post=1098"}],"version-history":[{"count":12,"href":"https:\/\/insidmeetings.org\/insid2022\/wp-json\/wp\/v2\/pages\/1098\/revisions"}],"predecessor-version":[{"id":1198,"href":"https:\/\/insidmeetings.org\/insid2022\/wp-json\/wp\/v2\/pages\/1098\/revisions\/1198"}],"wp:attachment":[{"href":"https:\/\/insidmeetings.org\/insid2022\/wp-json\/wp\/v2\/media?parent=1098"}],"curies":[{"name":"wp","href":"https:\/\/api.w.org\/{rel}","templated":true}]}}