{"id":1098,"date":"2020-09-29T19:04:56","date_gmt":"2020-09-29T19:04:56","guid":{"rendered":"http:\/\/insid.events\/insid2020\/?page_id=1098"},"modified":"2026-02-24T14:28:04","modified_gmt":"2026-02-24T14:28:04","slug":"registration","status":"publish","type":"page","link":"https:\/\/insidmeetings.org\/insid2026\/registration\/","title":{"rendered":"Registration"},"content":{"rendered":"\r\n<ul>The registration will open soon.<\/ul>\r\n\r\n\r\n\r\n<h3 class=\"wp-block-heading\">Payment Options:<\/h3>\r\n\r\n\r\n\r\n<h5 class=\"wp-block-heading\">1. Bank transfer:<\/h5>\r\n\r\n\r\n\r\n<p>IPSID \u2013 Instituto de Pesquisa em Sistemas de Informa\u00e7\u00e3o e Decis\u00e3o \u2013 (CNPJ 07.432.348\/0001-05)<br \/>Inscri\u00e7\u00e3o Mercantil: 362.823-0<br \/>Bank number: 001 \u2013 Banco do Brasil<br \/>Agency: 3613-7 \u2013 Cidade Universit\u00e1ria<br \/>Account: 29348-2<br \/>Iban: BR2800000000036130000293482C1<br \/>Swift: BRASBRRJBHE<\/p>\r\n\r\n\r\n\r\n<h5 class=\"wp-block-heading\">\u00a0<\/h5>\r\n\r\n\r\n\r\n<p>Please attach the proof of payment into the registration form. If you have any questions, contact <a href=\"mailto:insid2026@insidmeetings.org\">insid2026@insidmeetings.org<\/a><\/p>\r\n\r\n\r\n\r\n<h4 class=\"wp-block-heading\"><strong><a href=\"https:\/\/forms.gle\/ZuUuxyHKMWzC6Nig9\">INSID 2026 &#8211; Registration Form<\/a><\/strong><\/h4>\r\n","protected":false},"excerpt":{"rendered":"<p>The registration will open soon. Payment Options: 1. Bank transfer: IPSID \u2013 Instituto de Pesquisa em Sistemas de Informa\u00e7\u00e3o e Decis\u00e3o \u2013 (CNPJ 07.432.348\/0001-05)Inscri\u00e7\u00e3o Mercantil: 362.823-0Bank number: 001 \u2013 Banco do BrasilAgency: 3613-7 \u2013 Cidade Universit\u00e1riaAccount: 29348-2Iban: BR2800000000036130000293482C1Swift: BRASBRRJBHE \u00a0 Please attach the proof of payment into the registration form. If you have any questions, [&hellip;]<\/p>\n","protected":false},"author":1,"featured_media":0,"parent":0,"menu_order":0,"comment_status":"closed","ping_status":"closed","template":"","meta":{"footnotes":""},"class_list":["post-1098","page","type-page","status-publish","hentry"],"_links":{"self":[{"href":"https:\/\/insidmeetings.org\/insid2026\/wp-json\/wp\/v2\/pages\/1098","targetHints":{"allow":["GET"]}}],"collection":[{"href":"https:\/\/insidmeetings.org\/insid2026\/wp-json\/wp\/v2\/pages"}],"about":[{"href":"https:\/\/insidmeetings.org\/insid2026\/wp-json\/wp\/v2\/types\/page"}],"author":[{"embeddable":true,"href":"https:\/\/insidmeetings.org\/insid2026\/wp-json\/wp\/v2\/users\/1"}],"replies":[{"embeddable":true,"href":"https:\/\/insidmeetings.org\/insid2026\/wp-json\/wp\/v2\/comments?post=1098"}],"version-history":[{"count":20,"href":"https:\/\/insidmeetings.org\/insid2026\/wp-json\/wp\/v2\/pages\/1098\/revisions"}],"predecessor-version":[{"id":1335,"href":"https:\/\/insidmeetings.org\/insid2026\/wp-json\/wp\/v2\/pages\/1098\/revisions\/1335"}],"wp:attachment":[{"href":"https:\/\/insidmeetings.org\/insid2026\/wp-json\/wp\/v2\/media?parent=1098"}],"curies":[{"name":"wp","href":"https:\/\/api.w.org\/{rel}","templated":true}]}}