{"id":12,"date":"2018-07-04T02:46:17","date_gmt":"2018-07-04T02:46:17","guid":{"rendered":"http:\/\/gdnconference.org\/gdn2019\/?page_id=12"},"modified":"2026-03-10T03:04:01","modified_gmt":"2026-03-10T03:04:01","slug":"committees","status":"publish","type":"page","link":"https:\/\/insidmeetings.org\/insid2026\/committees\/","title":{"rendered":"Committees"},"content":{"rendered":"<h4><strong>Program Chair<\/strong><\/h4>\n<p>Ana Paula Cabral Seixas Costa, Federal University of Pernambuco, Brazil<br \/>\nDanielle Costa Morais, Federal University of Pernambuco, Brazil<\/p>\n<h4><strong>Steering Committee<\/strong><\/h4>\n<p>Adiel Teixeira de Almeida, Universidade Federal de Pernambuco, Brazil<br \/>\nLiping Fang, Toronto Metropolitan University, Canada<br \/>\nPascale Zarate, Universit\u00e9 Toulouse 1 Capitole, France<br \/>\nRoman S\u0142owi\u0144ski, Pozna\u0144 University of Technology, Poland<br \/>\nRudolf Vetschera, University of Vienna, Austria<br \/>\nPetr Ekel, Pontif\u00edcia Universidade Cat\u00f3lica de Minas Gerais, Brazil<br \/>\nSergio Eduardo Gouvea da Costa, Universidade Tecnol\u00f3gica Federal do Paran\u00e1, Brazil<br \/>\nHelder Gomes Costa, Universidade Federal Fluminense, Brazil<br \/>\nMischel Carmen Neyra Belderrain, Instituto Tecnol\u00f3gico de Aeron\u00e1utica, Brazil<br \/>\nDanielle Costa Morais, Universidade Federal de Pernambuco, Brazil<\/p>\n<h4><strong>Program Committee<\/strong><\/h4>\n<p>Adriana Cavalcante Marques, Federal University of Rio Grande do Norte, Brazil<br \/>\nAlexandre Bevilacquea Leoneti, University of Sao Paulo, Brazil<br \/>\nAna Paula Henriques de Gusm\u00e3o, Federal University of Sergipe, Brazil<br \/>\nCaroline Lino M. Pompeo de Camargo, Federal University of Mato Grosso do Sul, Brazil<br \/>\nCaroline Maria de Miranda Mota, Federal University of Pernambuco, Brazil<br \/>\nDanielle Costa Morais, Federal University of Pernambuco, Brazil<br \/>\nEdson Pinheiro Lima, Technological Federal University of Paran\u00e1, Brazil<br \/>\nEduardo de Freitas Rocha Loures, Pontifical Catholic University of Paran\u00e1, Brazil<br \/>\nHaiyan Xu,\u00a0\u00a0Nanjing University of Aeronautics and Astronautics, China<br \/>\nJohannes Siebert, MCI Management Center Innsbruck, Austria<br \/>\nJos\u00e9 Rui Figueira, University of Lisbon, Portugal<br \/>\nJutta Geldermann, University of Duisburg-Essen, Germany<br \/>\nLeandro Chaves R\u00eago, Federal University of Cear\u00e1, Brazil<br \/>\nLuciana Hazin Alencar, \u00a0Federal University of Pernambuco, Brazil<br \/>\nLuis Miguel Candido Dias, University of Coimbra, Portugal<br \/>\nMariana de Almeida, Federal University of Rion Grande do Norte, Brazil<br \/>\nMasahide Horita, University of Tokyo, Japan<br \/>\nMichael Platt, University of Pennsylvania, USA<br \/>\nMilosz Kadzinski, Poznan University of Technology, Poland<br \/>\nRaimo P. Hamalainen, Aalto University School of Science, Finland<br \/>\nRegiane Maximo Siqueira, S\u00e3o Paulo State University -J\u00falio de Mesquita Filho, Brazil<br \/>\nRoman Slowinski, Poznan University of Technology, Poland<br \/>\nSajid Siraj, University of Leeds, UK<br \/>\nSalvatore Greco, University of Catania, Italy<br \/>\nSinndy Dayana Rico Lugo, Ritsumeikan Asia Pacific University, Japan<br \/>\nTomasz Wachowicz, University of Economics in Katowice, Poland<br \/>\nVanessa Batista Schramm, Federal University of Campina Grande, Brazil<\/p>\n<h4><strong>Organizing Chair<\/strong><\/h4>\n<p>Ana Paula Cabral Seixas Costa, UFPE<br \/>\nLucia Reis Peixoto Roselli, UFPE<br \/>\nEduarda Asfora Frej, UFPE<br \/>\nAnderson Lucas Carneiro de Lima da Silva, UFPE<\/p>\n","protected":false},"excerpt":{"rendered":"<p>Program Chair Ana Paula Cabral Seixas Costa, Federal University of Pernambuco, Brazil Danielle Costa Morais, Federal University of Pernambuco, Brazil Steering Committee Adiel Teixeira de Almeida, Universidade Federal de Pernambuco, Brazil Liping Fang, Toronto Metropolitan University, Canada Pascale Zarate, Universit\u00e9 Toulouse 1 Capitole, France Roman S\u0142owi\u0144ski, Pozna\u0144 University of Technology, Poland Rudolf Vetschera, University of [&hellip;]<\/p>\n","protected":false},"author":1,"featured_media":0,"parent":0,"menu_order":0,"comment_status":"closed","ping_status":"closed","template":"","meta":{"footnotes":""},"class_list":["post-12","page","type-page","status-publish","hentry"],"_links":{"self":[{"href":"https:\/\/insidmeetings.org\/insid2026\/wp-json\/wp\/v2\/pages\/12","targetHints":{"allow":["GET"]}}],"collection":[{"href":"https:\/\/insidmeetings.org\/insid2026\/wp-json\/wp\/v2\/pages"}],"about":[{"href":"https:\/\/insidmeetings.org\/insid2026\/wp-json\/wp\/v2\/types\/page"}],"author":[{"embeddable":true,"href":"https:\/\/insidmeetings.org\/insid2026\/wp-json\/wp\/v2\/users\/1"}],"replies":[{"embeddable":true,"href":"https:\/\/insidmeetings.org\/insid2026\/wp-json\/wp\/v2\/comments?post=12"}],"version-history":[{"count":101,"href":"https:\/\/insidmeetings.org\/insid2026\/wp-json\/wp\/v2\/pages\/12\/revisions"}],"predecessor-version":[{"id":1386,"href":"https:\/\/insidmeetings.org\/insid2026\/wp-json\/wp\/v2\/pages\/12\/revisions\/1386"}],"wp:attachment":[{"href":"https:\/\/insidmeetings.org\/insid2026\/wp-json\/wp\/v2\/media?parent=12"}],"curies":[{"name":"wp","href":"https:\/\/api.w.org\/{rel}","templated":true}]}}